{"id":11,"date":"2025-05-09T14:29:51","date_gmt":"2025-05-09T14:29:51","guid":{"rendered":"https:\/\/for-easy-living.at\/?page_id=11"},"modified":"2025-06-09T05:51:26","modified_gmt":"2025-06-09T05:51:26","slug":"feng-shui","status":"publish","type":"page","link":"https:\/\/for-easy-living.at\/?page_id=11","title":{"rendered":"Feng Shui"},"content":{"rendered":"\n<div class=\"wp-block-columns is-layout-flex wp-container-core-columns-is-layout-9d6595d7 wp-block-columns-is-layout-flex\">\n<div class=\"wp-block-column is-layout-flow wp-block-column-is-layout-flow\" style=\"flex-basis:33.33%\">\n<figure class=\"wp-block-gallery has-nested-images columns-default is-cropped wp-block-gallery-1 is-layout-flex wp-block-gallery-is-layout-flex\">\n<figure class=\"wp-block-image size-large\"><img loading=\"lazy\" decoding=\"async\" width=\"1105\" height=\"829\" data-id=\"249\" src=\"https:\/\/for-easy-living.at\/wp-content\/uploads\/2025\/06\/indoors-3058658_1280-edited.jpg\" alt=\"\" class=\"wp-image-249\" srcset=\"https:\/\/for-easy-living.at\/wp-content\/uploads\/2025\/06\/indoors-3058658_1280-edited.jpg 1105w, https:\/\/for-easy-living.at\/wp-content\/uploads\/2025\/06\/indoors-3058658_1280-edited-300x225.jpg 300w, https:\/\/for-easy-living.at\/wp-content\/uploads\/2025\/06\/indoors-3058658_1280-edited-1024x768.jpg 1024w, https:\/\/for-easy-living.at\/wp-content\/uploads\/2025\/06\/indoors-3058658_1280-edited-768x576.jpg 768w\" sizes=\"auto, (max-width: 1105px) 100vw, 1105px\" \/><\/figure>\n<\/figure>\n<\/div>\n\n\n\n<div class=\"wp-block-column is-layout-flow wp-block-column-is-layout-flow\" style=\"flex-basis:66.66%\">\n<h2 class=\"wp-block-heading\">Raumgestaltung<\/h2>\n\n\n\n<p>Unsere Umgebung beeinflusst unser Leben und unsere Arbeit. Ein detaillierter Feng Shui Befund kl\u00e4rt, wie durch \u00c4nderungen in und am Raum die Bereiche unseres Lebens, die nicht optimal laufen, verbessert werden k\u00f6nnen.&nbsp;<\/p>\n\n\n\n<p>Karrierechancen, gesundheitliche Verbesserungen, Partnerschafts- und Beziehungsanalysen k\u00f6nnen so unser Leben in \u00fcbersichtlichere Bahnen bringen.<\/p>\n\n\n\n<p>Unter Einbeziehung des Haus- oder B\u00fcroplanes, der Geburtsdaten der Bewohner oder Mitarbeiter erarbeiten wir die bestm\u00f6glichen Wohn- bzw. Arbeitsvoraussetzungen f\u00fcr jeden Einzelnen.<\/p>\n<\/div>\n<\/div>\n\n\n\n<div class=\"wp-block-buttons is-content-justification-center is-layout-flex wp-container-core-buttons-is-layout-16018d1d wp-block-buttons-is-layout-flex\">\n<div class=\"wp-block-button is-style-outline is-style-outline--2\"><a class=\"wp-block-button__link wp-element-button\" href=\"https:\/\/for-easy-living.at\/?page_id=34\">Terminvereinbarung<\/a><\/div>\n<\/div>\n\n\n\n<p><\/p>\n","protected":false},"excerpt":{"rendered":"<p>Raumgestaltung Unsere Umgebung beeinflusst unser Leben und unsere Arbeit. Ein detaillierter Feng Shui Befund kl\u00e4rt, wie durch \u00c4nderungen in und am Raum die Bereiche unseres Lebens, die nicht optimal laufen, verbessert werden k\u00f6nnen.&nbsp; Karrierechancen, gesundheitliche Verbesserungen, Partnerschafts- und Beziehungsanalysen k\u00f6nnen so unser Leben in \u00fcbersichtlichere Bahnen bringen. Unter Einbeziehung des Haus- oder B\u00fcroplanes, der Geburtsdaten&#8230;<\/p>\n","protected":false},"author":1,"featured_media":0,"parent":0,"menu_order":0,"comment_status":"closed","ping_status":"closed","template":"","meta":{"_kad_post_transparent":"","_kad_post_title":"","_kad_post_layout":"","_kad_post_sidebar_id":"","_kad_post_content_style":"","_kad_post_vertical_padding":"","_kad_post_feature":"","_kad_post_feature_position":"","_kad_post_header":false,"_kad_post_footer":false,"footnotes":""},"class_list":["post-11","page","type-page","status-publish","hentry"],"_links":{"self":[{"href":"https:\/\/for-easy-living.at\/index.php?rest_route=\/wp\/v2\/pages\/11","targetHints":{"allow":["GET"]}}],"collection":[{"href":"https:\/\/for-easy-living.at\/index.php?rest_route=\/wp\/v2\/pages"}],"about":[{"href":"https:\/\/for-easy-living.at\/index.php?rest_route=\/wp\/v2\/types\/page"}],"author":[{"embeddable":true,"href":"https:\/\/for-easy-living.at\/index.php?rest_route=\/wp\/v2\/users\/1"}],"replies":[{"embeddable":true,"href":"https:\/\/for-easy-living.at\/index.php?rest_route=%2Fwp%2Fv2%2Fcomments&post=11"}],"version-history":[{"count":9,"href":"https:\/\/for-easy-living.at\/index.php?rest_route=\/wp\/v2\/pages\/11\/revisions"}],"predecessor-version":[{"id":284,"href":"https:\/\/for-easy-living.at\/index.php?rest_route=\/wp\/v2\/pages\/11\/revisions\/284"}],"wp:attachment":[{"href":"https:\/\/for-easy-living.at\/index.php?rest_route=%2Fwp%2Fv2%2Fmedia&parent=11"}],"curies":[{"name":"wp","href":"https:\/\/api.w.org\/{rel}","templated":true}]}}