{"id":206,"date":"2025-05-22T13:55:56","date_gmt":"2025-05-22T13:55:56","guid":{"rendered":"https:\/\/for-easy-living.at\/?page_id=206"},"modified":"2025-09-09T19:44:30","modified_gmt":"2025-09-09T19:44:30","slug":"kinder-tuina-workshop","status":"publish","type":"page","link":"https:\/\/for-easy-living.at\/?page_id=206","title":{"rendered":"Kinder-Tuina Workshop"},"content":{"rendered":"\n<div class=\"wp-block-columns is-layout-flex wp-container-core-columns-is-layout-9d6595d7 wp-block-columns-is-layout-flex\">\n<div class=\"wp-block-column is-layout-flow wp-block-column-is-layout-flow\" style=\"flex-basis:33.33%\">\n<figure class=\"wp-block-image size-large\"><img loading=\"lazy\" decoding=\"async\" width=\"1137\" height=\"853\" src=\"https:\/\/for-easy-living.at\/wp-content\/uploads\/2025\/06\/hands-2847510_1280-edited.jpg\" alt=\"\" class=\"wp-image-255\" srcset=\"https:\/\/for-easy-living.at\/wp-content\/uploads\/2025\/06\/hands-2847510_1280-edited.jpg 1137w, https:\/\/for-easy-living.at\/wp-content\/uploads\/2025\/06\/hands-2847510_1280-edited-300x225.jpg 300w, https:\/\/for-easy-living.at\/wp-content\/uploads\/2025\/06\/hands-2847510_1280-edited-1024x768.jpg 1024w, https:\/\/for-easy-living.at\/wp-content\/uploads\/2025\/06\/hands-2847510_1280-edited-768x576.jpg 768w\" sizes=\"auto, (max-width: 1137px) 100vw, 1137px\" \/><\/figure>\n<\/div>\n\n\n\n<div class=\"wp-block-column is-layout-flow wp-block-column-is-layout-flow\" style=\"flex-basis:66.66%\">\n<h2 class=\"wp-block-heading\">Eltern massieren Kinder<\/h2>\n\n\n\n<p>Kinder-Tuina Workshop<\/p>\n\n\n\n<p>Erkennen und behandeln Sie zu Beginn oder bevor die Krankheiten ausbrechen. <br>Sie erkennen fr\u00fchzeitig Erm\u00fcdungs- und Belastungserscheinungen Ihrer Kinder.<br>Sie erlernen und \u00fcben miteinander die wichtigsten Techniken und Akupunkturpunkte und -zonen um Ihre Kinder gesund zu erhalten.<br>Wir freuen uns auf alle Eltern und Gro\u00dfeltern die Ihre Kinder unterst\u00fctzen wollen.<\/p>\n<\/div>\n<\/div>\n\n\n\n<p>Termine: <\/p>\n\n\n\n<ul class=\"wp-block-list\">\n<li>17.10.2025 15:00 &#8211; 18:00 Uhr Pfarre Dornbach (Rupertusplatz 4, 1170 Wien)<\/li>\n\n\n\n<li>weitere in Planung<\/li>\n<\/ul>\n\n\n\n<div class=\"wp-block-buttons is-content-justification-center is-layout-flex wp-container-core-buttons-is-layout-16018d1d wp-block-buttons-is-layout-flex\">\n<div class=\"wp-block-button is-style-outline is-style-outline--1\"><a class=\"wp-block-button__link wp-element-button\" href=\"https:\/\/for-easy-living.at\/?page_id=34\">Anmeldung<\/a><\/div>\n<\/div>\n\n\n\n<p><\/p>\n","protected":false},"excerpt":{"rendered":"<p>Eltern massieren Kinder Kinder-Tuina Workshop Erkennen und behandeln Sie zu Beginn oder bevor die Krankheiten ausbrechen. Sie erkennen fr\u00fchzeitig Erm\u00fcdungs- und Belastungserscheinungen Ihrer Kinder.Sie erlernen und \u00fcben miteinander die wichtigsten Techniken und Akupunkturpunkte und -zonen um Ihre Kinder gesund zu erhalten.Wir freuen uns auf alle Eltern und Gro\u00dfeltern die Ihre Kinder unterst\u00fctzen wollen. Termine:<\/p>\n","protected":false},"author":1,"featured_media":0,"parent":0,"menu_order":0,"comment_status":"closed","ping_status":"closed","template":"","meta":{"_kad_post_transparent":"","_kad_post_title":"","_kad_post_layout":"","_kad_post_sidebar_id":"","_kad_post_content_style":"","_kad_post_vertical_padding":"","_kad_post_feature":"","_kad_post_feature_position":"","_kad_post_header":false,"_kad_post_footer":false,"footnotes":""},"class_list":["post-206","page","type-page","status-publish","hentry"],"_links":{"self":[{"href":"https:\/\/for-easy-living.at\/index.php?rest_route=\/wp\/v2\/pages\/206","targetHints":{"allow":["GET"]}}],"collection":[{"href":"https:\/\/for-easy-living.at\/index.php?rest_route=\/wp\/v2\/pages"}],"about":[{"href":"https:\/\/for-easy-living.at\/index.php?rest_route=\/wp\/v2\/types\/page"}],"author":[{"embeddable":true,"href":"https:\/\/for-easy-living.at\/index.php?rest_route=\/wp\/v2\/users\/1"}],"replies":[{"embeddable":true,"href":"https:\/\/for-easy-living.at\/index.php?rest_route=%2Fwp%2Fv2%2Fcomments&post=206"}],"version-history":[{"count":7,"href":"https:\/\/for-easy-living.at\/index.php?rest_route=\/wp\/v2\/pages\/206\/revisions"}],"predecessor-version":[{"id":285,"href":"https:\/\/for-easy-living.at\/index.php?rest_route=\/wp\/v2\/pages\/206\/revisions\/285"}],"wp:attachment":[{"href":"https:\/\/for-easy-living.at\/index.php?rest_route=%2Fwp%2Fv2%2Fmedia&parent=206"}],"curies":[{"name":"wp","href":"https:\/\/api.w.org\/{rel}","templated":true}]}}