{"id":28,"date":"2025-05-11T13:01:03","date_gmt":"2025-05-11T13:01:03","guid":{"rendered":"https:\/\/for-easy-living.at\/?page_id=28"},"modified":"2025-06-07T08:54:05","modified_gmt":"2025-06-07T08:54:05","slug":"tuina","status":"publish","type":"page","link":"https:\/\/for-easy-living.at\/?page_id=28","title":{"rendered":"Tuina"},"content":{"rendered":"\n<div class=\"wp-block-columns is-layout-flex wp-container-core-columns-is-layout-9d6595d7 wp-block-columns-is-layout-flex\">\n<div class=\"wp-block-column is-layout-flow wp-block-column-is-layout-flow\" style=\"flex-basis:33.33%\">\n<figure class=\"wp-block-image size-large\"><img loading=\"lazy\" decoding=\"async\" width=\"1137\" height=\"853\" src=\"https:\/\/for-easy-living.at\/wp-content\/uploads\/2025\/06\/massage-3795693_1280-1-edited.jpg\" alt=\"\" class=\"wp-image-257\" srcset=\"https:\/\/for-easy-living.at\/wp-content\/uploads\/2025\/06\/massage-3795693_1280-1-edited.jpg 1137w, https:\/\/for-easy-living.at\/wp-content\/uploads\/2025\/06\/massage-3795693_1280-1-edited-300x225.jpg 300w, https:\/\/for-easy-living.at\/wp-content\/uploads\/2025\/06\/massage-3795693_1280-1-edited-1024x768.jpg 1024w, https:\/\/for-easy-living.at\/wp-content\/uploads\/2025\/06\/massage-3795693_1280-1-edited-768x576.jpg 768w\" sizes=\"auto, (max-width: 1137px) 100vw, 1137px\" \/><\/figure>\n<\/div>\n\n\n\n<div class=\"wp-block-column is-layout-flow wp-block-column-is-layout-flow\" style=\"flex-basis:66.66%\">\n<h2 class=\"wp-block-heading\">Chinesische&nbsp; Funktionsmassage<\/h2>\n\n\n\n<p>Tuina ist ein wichtiger Teil der traditionellen Chinesischen Medizin. Die Tuina-Massage ben\u00f6tigt keinerlei Hilfsmittel, kann aber in ihrer Wirkungsweise durch \u00d6l, HACI-Nadeln und Gua Sha verst\u00e4rkt werden.&nbsp;<\/p>\n\n\n\n<p>Die Stimulation eines Akupunkturpunktes oder einer Akupunkturzone hat entweder eine ausleitende&nbsp; oder st\u00e4rkende Wirkung.<\/p>\n\n\n\n<p>Damit erm\u00f6gliche ich Aktivierung des Immunsystems und Entfernung von Schlacken aus dem Bindegewebe, Stoffwechselsteigerung und bessere Sauerstoffversorgung der Haut und des Bindegewebes.<\/p>\n\n\n\n<div style=\"height:0px\" aria-hidden=\"true\" class=\"wp-block-spacer\"><\/div>\n<\/div>\n<\/div>\n\n\n\n<div class=\"wp-block-buttons is-content-justification-center is-layout-flex wp-container-core-buttons-is-layout-16018d1d wp-block-buttons-is-layout-flex\">\n<div class=\"wp-block-button is-style-outline is-style-outline--1\"><a class=\"wp-block-button__link wp-element-button\" href=\"https:\/\/for-easy-living.at\/?page_id=34\">Terminvereinbarung<\/a><\/div>\n<\/div>\n\n\n\n<p><\/p>\n","protected":false},"excerpt":{"rendered":"<p>Chinesische&nbsp; Funktionsmassage Tuina ist ein wichtiger Teil der traditionellen Chinesischen Medizin. Die Tuina-Massage ben\u00f6tigt keinerlei Hilfsmittel, kann aber in ihrer Wirkungsweise durch \u00d6l, HACI-Nadeln und Gua Sha verst\u00e4rkt werden.&nbsp; Die Stimulation eines Akupunkturpunktes oder einer Akupunkturzone hat entweder eine ausleitende&nbsp; oder st\u00e4rkende Wirkung. Damit erm\u00f6gliche ich Aktivierung des Immunsystems und Entfernung von Schlacken aus dem&#8230;<\/p>\n","protected":false},"author":1,"featured_media":0,"parent":0,"menu_order":0,"comment_status":"closed","ping_status":"closed","template":"","meta":{"_kad_post_transparent":"","_kad_post_title":"","_kad_post_layout":"","_kad_post_sidebar_id":"","_kad_post_content_style":"","_kad_post_vertical_padding":"","_kad_post_feature":"","_kad_post_feature_position":"","_kad_post_header":false,"_kad_post_footer":false,"footnotes":""},"class_list":["post-28","page","type-page","status-publish","hentry"],"_links":{"self":[{"href":"https:\/\/for-easy-living.at\/index.php?rest_route=\/wp\/v2\/pages\/28","targetHints":{"allow":["GET"]}}],"collection":[{"href":"https:\/\/for-easy-living.at\/index.php?rest_route=\/wp\/v2\/pages"}],"about":[{"href":"https:\/\/for-easy-living.at\/index.php?rest_route=\/wp\/v2\/types\/page"}],"author":[{"embeddable":true,"href":"https:\/\/for-easy-living.at\/index.php?rest_route=\/wp\/v2\/users\/1"}],"replies":[{"embeddable":true,"href":"https:\/\/for-easy-living.at\/index.php?rest_route=%2Fwp%2Fv2%2Fcomments&post=28"}],"version-history":[{"count":7,"href":"https:\/\/for-easy-living.at\/index.php?rest_route=\/wp\/v2\/pages\/28\/revisions"}],"predecessor-version":[{"id":258,"href":"https:\/\/for-easy-living.at\/index.php?rest_route=\/wp\/v2\/pages\/28\/revisions\/258"}],"wp:attachment":[{"href":"https:\/\/for-easy-living.at\/index.php?rest_route=%2Fwp%2Fv2%2Fmedia&parent=28"}],"curies":[{"name":"wp","href":"https:\/\/api.w.org\/{rel}","templated":true}]}}