{"id":30,"date":"2025-05-11T13:01:39","date_gmt":"2025-05-11T13:01:39","guid":{"rendered":"https:\/\/for-easy-living.at\/?page_id=30"},"modified":"2025-06-07T09:28:22","modified_gmt":"2025-06-07T09:28:22","slug":"workshops","status":"publish","type":"page","link":"https:\/\/for-easy-living.at\/?page_id=30","title":{"rendered":"Workshops"},"content":{"rendered":"\n<div class=\"wp-block-columns is-layout-flex wp-container-core-columns-is-layout-9d6595d7 wp-block-columns-is-layout-flex\">\n<div class=\"wp-block-column is-layout-flow wp-block-column-is-layout-flow\" style=\"flex-basis:33.33%\">\n<figure class=\"wp-block-image size-large\"><a href=\"https:\/\/for-easy-living.at\/?page_id=41\"><img loading=\"lazy\" decoding=\"async\" width=\"1048\" height=\"786\" src=\"https:\/\/for-easy-living.at\/wp-content\/uploads\/2025\/05\/a07c5425-a144-4411-8966-a3e6811a93c9-edited.jpg\" alt=\"\" class=\"wp-image-103\" srcset=\"https:\/\/for-easy-living.at\/wp-content\/uploads\/2025\/05\/a07c5425-a144-4411-8966-a3e6811a93c9-edited.jpg 1048w, https:\/\/for-easy-living.at\/wp-content\/uploads\/2025\/05\/a07c5425-a144-4411-8966-a3e6811a93c9-edited-300x225.jpg 300w, https:\/\/for-easy-living.at\/wp-content\/uploads\/2025\/05\/a07c5425-a144-4411-8966-a3e6811a93c9-edited-1024x768.jpg 1024w, https:\/\/for-easy-living.at\/wp-content\/uploads\/2025\/05\/a07c5425-a144-4411-8966-a3e6811a93c9-edited-768x576.jpg 768w\" sizes=\"auto, (max-width: 1048px) 100vw, 1048px\" \/><\/a><\/figure>\n<\/div>\n\n\n\n<div class=\"wp-block-column is-layout-flow wp-block-column-is-layout-flow\" style=\"flex-basis:66.66%\">\n<h2 class=\"wp-block-heading\">Feng Shui Workshops<\/h2>\n\n\n\n<p>Intuitive Feng Shui nutze ich um bestehende R\u00e4ume lebenswerter zu gestalten. Leere wird gef\u00fcllt und \u00dcberma\u00df ausgeglichen. Hier lernen sie die Analyse und Umsetzung in die Praxis.<\/p>\n\n\n\n<ul class=\"wp-block-list\">\n<li>Der Spiegel meiner W\u00fcnsche<\/li>\n\n\n\n<li>Umsetzung meiner W\u00fcnsche<\/li>\n\n\n\n<li>Space Clearing<\/li>\n<\/ul>\n\n\n\n<p><\/p>\n<\/div>\n<\/div>\n\n\n\n<div class=\"wp-block-columns is-layout-flex wp-container-core-columns-is-layout-9d6595d7 wp-block-columns-is-layout-flex\">\n<div class=\"wp-block-column is-layout-flow wp-block-column-is-layout-flow\" style=\"flex-basis:33.33%\">\n<figure class=\"wp-block-image size-large\"><a href=\"https:\/\/for-easy-living.at\/?page_id=43\"><img loading=\"lazy\" decoding=\"async\" width=\"640\" height=\"480\" src=\"https:\/\/for-easy-living.at\/wp-content\/uploads\/2025\/05\/IMG_2102-edited-1.jpg\" alt=\"\" class=\"wp-image-106\" srcset=\"https:\/\/for-easy-living.at\/wp-content\/uploads\/2025\/05\/IMG_2102-edited-1.jpg 640w, https:\/\/for-easy-living.at\/wp-content\/uploads\/2025\/05\/IMG_2102-edited-1-300x225.jpg 300w\" sizes=\"auto, (max-width: 640px) 100vw, 640px\" \/><\/a><\/figure>\n<\/div>\n\n\n\n<div class=\"wp-block-column is-layout-flow wp-block-column-is-layout-flow\" style=\"flex-basis:66.66%\">\n<h2 class=\"wp-block-heading\">Kosmetische Tuina<\/h2>\n\n\n\n<p>In erster Linie geht es bei dieser Massage um die Partie des K\u00f6rpers, die bevorzugt von der kosmetischen Industrie beworben wird, das Gesicht.<\/p>\n\n\n\n<p>Seit jeher wird das Gesicht als Spiegel der Seele beschrieben.&nbsp;<\/p>\n\n\n\n<p>Entspannte, strahlende Gesichtsz\u00fcge werden uns heute von sehr jungen M\u00e4dchen in der Werbung pr\u00e4sentiert und damit suggeriert, dass es heute ohne kosmetische Pflege keine Ausstrahlung von morgen gibt.<\/p>\n<\/div>\n<\/div>\n\n\n\n<div class=\"wp-block-columns is-layout-flex wp-container-core-columns-is-layout-9d6595d7 wp-block-columns-is-layout-flex\">\n<div class=\"wp-block-column is-layout-flow wp-block-column-is-layout-flow\" style=\"flex-basis:33.33%\">\n<figure class=\"wp-block-image size-large\"><a href=\"https:\/\/for-easy-living.at\/?page_id=46\"><img loading=\"lazy\" decoding=\"async\" width=\"1898\" height=\"1424\" src=\"https:\/\/for-easy-living.at\/wp-content\/uploads\/2025\/05\/c4b50327-81d9-4834-adf8-2c70faea3151-edited.jpg\" alt=\"\" class=\"wp-image-111\" srcset=\"https:\/\/for-easy-living.at\/wp-content\/uploads\/2025\/05\/c4b50327-81d9-4834-adf8-2c70faea3151-edited.jpg 1898w, https:\/\/for-easy-living.at\/wp-content\/uploads\/2025\/05\/c4b50327-81d9-4834-adf8-2c70faea3151-edited-300x225.jpg 300w, https:\/\/for-easy-living.at\/wp-content\/uploads\/2025\/05\/c4b50327-81d9-4834-adf8-2c70faea3151-edited-1024x768.jpg 1024w, https:\/\/for-easy-living.at\/wp-content\/uploads\/2025\/05\/c4b50327-81d9-4834-adf8-2c70faea3151-edited-768x576.jpg 768w, https:\/\/for-easy-living.at\/wp-content\/uploads\/2025\/05\/c4b50327-81d9-4834-adf8-2c70faea3151-edited-1536x1152.jpg 1536w\" sizes=\"auto, (max-width: 1898px) 100vw, 1898px\" \/><\/a><\/figure>\n<\/div>\n\n\n\n<div class=\"wp-block-column is-layout-flow wp-block-column-is-layout-flow\" style=\"flex-basis:66.66%\">\n<h2 class=\"wp-block-heading\">\u00c4therische \u00d6le, \u00d6le &amp; Hydrolate<\/h2>\n\n\n\n<p>Susanne Melnick bringt uns in ihren Workshops \u00d6le f\u00fcr das ganze Jahr nahe. Mit viel Spa\u00df verwandelt sie die Theorie in praktische Anwendungen.<\/p>\n\n\n\n<ul class=\"wp-block-list\">\n<li>Vorbereitung auf den Winter<\/li>\n\n\n\n<li>Duft und Plege f\u00fcr die Sch\u00f6nheit<\/li>\n\n\n\n<li>Entschlackung<\/li>\n<\/ul>\n<\/div>\n<\/div>\n\n\n\n<div class=\"wp-block-columns is-layout-flex wp-container-core-columns-is-layout-9d6595d7 wp-block-columns-is-layout-flex\">\n<div class=\"wp-block-column is-layout-flow wp-block-column-is-layout-flow\" style=\"flex-basis:33.33%\">\n<figure class=\"wp-block-image size-large\"><a href=\"https:\/\/for-easy-living.at\/?page_id=48\"><img loading=\"lazy\" decoding=\"async\" width=\"1050\" height=\"788\" src=\"https:\/\/for-easy-living.at\/wp-content\/uploads\/2025\/05\/8bfbcf8b-0cf1-4718-aa0a-76c06de6a76d-edited-1.jpg\" alt=\"\" class=\"wp-image-109\" srcset=\"https:\/\/for-easy-living.at\/wp-content\/uploads\/2025\/05\/8bfbcf8b-0cf1-4718-aa0a-76c06de6a76d-edited-1.jpg 1050w, https:\/\/for-easy-living.at\/wp-content\/uploads\/2025\/05\/8bfbcf8b-0cf1-4718-aa0a-76c06de6a76d-edited-1-300x225.jpg 300w, https:\/\/for-easy-living.at\/wp-content\/uploads\/2025\/05\/8bfbcf8b-0cf1-4718-aa0a-76c06de6a76d-edited-1-1024x768.jpg 1024w, https:\/\/for-easy-living.at\/wp-content\/uploads\/2025\/05\/8bfbcf8b-0cf1-4718-aa0a-76c06de6a76d-edited-1-768x576.jpg 768w\" sizes=\"auto, (max-width: 1050px) 100vw, 1050px\" \/><\/a><\/figure>\n<\/div>\n\n\n\n<div class=\"wp-block-column is-layout-flow wp-block-column-is-layout-flow\" style=\"flex-basis:66.66%\">\n<h2 class=\"wp-block-heading\">Sch\u00f6hnheit auf Zellebene<\/h2>\n\n\n\n<p>Im Jahr 2018 haben &#8222;lebendige&#8220; Lebensmittel die Welt von Marion Lorenz ver\u00e4ndert und ihre4 Begeisterung f\u00fcr die kleinsten Bausteine unseres Wunderwerks K\u00f6rper entweckt &#8211; die Zellen.<\/p>\n\n\n\n<p>Die Trinit\u00e4t K\u00f6rper-Lebensmittel, Geist-Lifestyle, Seele-Autonomie sind die Meilensteine f\u00fcr ein strahlendes Sein.<\/p>\n\n\n\n<p>Erlebe die Welt von Sprossen, Mikrogr\u00fcn und Gr\u00e4sern und erfahre mit einfachen gef\u00fchrten \u00dcbungen die Energie deiner Zellen. Embrace yourself.<\/p>\n<\/div>\n<\/div>\n\n\n\n<p><\/p>\n","protected":false},"excerpt":{"rendered":"<p>Feng Shui Workshops Intuitive Feng Shui nutze ich um bestehende R\u00e4ume lebenswerter zu gestalten. Leere wird gef\u00fcllt und \u00dcberma\u00df ausgeglichen. Hier lernen sie die Analyse und Umsetzung in die Praxis. Kosmetische Tuina In erster Linie geht es bei dieser Massage um die Partie des K\u00f6rpers, die bevorzugt von der kosmetischen Industrie beworben wird, das Gesicht&#8230;.<\/p>\n","protected":false},"author":1,"featured_media":0,"parent":0,"menu_order":0,"comment_status":"closed","ping_status":"closed","template":"","meta":{"_kad_post_transparent":"","_kad_post_title":"","_kad_post_layout":"","_kad_post_sidebar_id":"","_kad_post_content_style":"","_kad_post_vertical_padding":"","_kad_post_feature":"","_kad_post_feature_position":"","_kad_post_header":false,"_kad_post_footer":false,"footnotes":""},"class_list":["post-30","page","type-page","status-publish","hentry"],"_links":{"self":[{"href":"https:\/\/for-easy-living.at\/index.php?rest_route=\/wp\/v2\/pages\/30","targetHints":{"allow":["GET"]}}],"collection":[{"href":"https:\/\/for-easy-living.at\/index.php?rest_route=\/wp\/v2\/pages"}],"about":[{"href":"https:\/\/for-easy-living.at\/index.php?rest_route=\/wp\/v2\/types\/page"}],"author":[{"embeddable":true,"href":"https:\/\/for-easy-living.at\/index.php?rest_route=\/wp\/v2\/users\/1"}],"replies":[{"embeddable":true,"href":"https:\/\/for-easy-living.at\/index.php?rest_route=%2Fwp%2Fv2%2Fcomments&post=30"}],"version-history":[{"count":8,"href":"https:\/\/for-easy-living.at\/index.php?rest_route=\/wp\/v2\/pages\/30\/revisions"}],"predecessor-version":[{"id":282,"href":"https:\/\/for-easy-living.at\/index.php?rest_route=\/wp\/v2\/pages\/30\/revisions\/282"}],"wp:attachment":[{"href":"https:\/\/for-easy-living.at\/index.php?rest_route=%2Fwp%2Fv2%2Fmedia&parent=30"}],"curies":[{"name":"wp","href":"https:\/\/api.w.org\/{rel}","templated":true}]}}