{"id":46,"date":"2025-05-11T13:16:41","date_gmt":"2025-05-11T13:16:41","guid":{"rendered":"https:\/\/for-easy-living.at\/?page_id=46"},"modified":"2025-06-07T09:25:12","modified_gmt":"2025-06-07T09:25:12","slug":"skinsecrets-aetherische-oele-oele-hydrolate","status":"publish","type":"page","link":"https:\/\/for-easy-living.at\/?page_id=46","title":{"rendered":"Skinsecrets &#8211; \u00c4therische \u00d6le, \u00d6le &amp; Hydrolate"},"content":{"rendered":"\n<div class=\"wp-block-columns is-layout-flex wp-container-core-columns-is-layout-9d6595d7 wp-block-columns-is-layout-flex\">\n<div class=\"wp-block-column is-layout-flow wp-block-column-is-layout-flow\" style=\"flex-basis:33.33%\">\n<figure class=\"wp-block-image size-large\"><img loading=\"lazy\" decoding=\"async\" width=\"1448\" height=\"1087\" src=\"https:\/\/for-easy-living.at\/wp-content\/uploads\/2025\/05\/c4b50327-81d9-4834-adf8-2c70faea3151-1-edited.jpg\" alt=\"\" class=\"wp-image-129\" srcset=\"https:\/\/for-easy-living.at\/wp-content\/uploads\/2025\/05\/c4b50327-81d9-4834-adf8-2c70faea3151-1-edited.jpg 1448w, https:\/\/for-easy-living.at\/wp-content\/uploads\/2025\/05\/c4b50327-81d9-4834-adf8-2c70faea3151-1-edited-300x225.jpg 300w, https:\/\/for-easy-living.at\/wp-content\/uploads\/2025\/05\/c4b50327-81d9-4834-adf8-2c70faea3151-1-edited-1024x769.jpg 1024w, https:\/\/for-easy-living.at\/wp-content\/uploads\/2025\/05\/c4b50327-81d9-4834-adf8-2c70faea3151-1-edited-768x577.jpg 768w\" sizes=\"auto, (max-width: 1448px) 100vw, 1448px\" \/><\/figure>\n<\/div>\n\n\n\n<div class=\"wp-block-column is-layout-flow wp-block-column-is-layout-flow\" style=\"flex-basis:66.66%\">\n<h2 class=\"wp-block-heading\">Pflege und Duft f\u00fcr die Sch\u00f6nheit<\/h2>\n\n\n\n<p>Erg\u00e4nzend zur Kosmetischen Tuina erhalten Sie in diesem Workshop einen fundierten Einblick in die Welt der \u00d6le. Wir alle haben von Argan\u00f6l, Traubenkern\u00f6l etc. schon viel geh\u00f6rt.&nbsp;<\/p>\n\n\n\n<p>Hier erlernen Sie in Theorie und Praxis wie Sie diese f\u00fcr Entspannung und Zellregeneration nutzen k\u00f6nnen.<\/p>\n<\/div>\n<\/div>\n\n\n\n<p>Termine:<\/p>\n\n\n\n<ul class=\"wp-block-list\">\n<li>auf Anfrage<\/li>\n<\/ul>\n\n\n\n<div class=\"wp-block-buttons is-content-justification-center is-layout-flex wp-container-core-buttons-is-layout-16018d1d wp-block-buttons-is-layout-flex\">\n<div class=\"wp-block-button is-style-outline is-style-outline--1\"><a class=\"wp-block-button__link wp-element-button\" href=\"https:\/\/for-easy-living.at\/?page_id=34\">Anmeldung<\/a><\/div>\n<\/div>\n\n\n\n<p><\/p>\n","protected":false},"excerpt":{"rendered":"<p>Pflege und Duft f\u00fcr die Sch\u00f6nheit Erg\u00e4nzend zur Kosmetischen Tuina erhalten Sie in diesem Workshop einen fundierten Einblick in die Welt der \u00d6le. Wir alle haben von Argan\u00f6l, Traubenkern\u00f6l etc. schon viel geh\u00f6rt.&nbsp; Hier erlernen Sie in Theorie und Praxis wie Sie diese f\u00fcr Entspannung und Zellregeneration nutzen k\u00f6nnen. Termine:<\/p>\n","protected":false},"author":1,"featured_media":0,"parent":0,"menu_order":0,"comment_status":"closed","ping_status":"closed","template":"","meta":{"_kad_post_transparent":"","_kad_post_title":"","_kad_post_layout":"","_kad_post_sidebar_id":"","_kad_post_content_style":"","_kad_post_vertical_padding":"","_kad_post_feature":"","_kad_post_feature_position":"","_kad_post_header":false,"_kad_post_footer":false,"footnotes":""},"class_list":["post-46","page","type-page","status-publish","hentry"],"_links":{"self":[{"href":"https:\/\/for-easy-living.at\/index.php?rest_route=\/wp\/v2\/pages\/46","targetHints":{"allow":["GET"]}}],"collection":[{"href":"https:\/\/for-easy-living.at\/index.php?rest_route=\/wp\/v2\/pages"}],"about":[{"href":"https:\/\/for-easy-living.at\/index.php?rest_route=\/wp\/v2\/types\/page"}],"author":[{"embeddable":true,"href":"https:\/\/for-easy-living.at\/index.php?rest_route=\/wp\/v2\/users\/1"}],"replies":[{"embeddable":true,"href":"https:\/\/for-easy-living.at\/index.php?rest_route=%2Fwp%2Fv2%2Fcomments&post=46"}],"version-history":[{"count":5,"href":"https:\/\/for-easy-living.at\/index.php?rest_route=\/wp\/v2\/pages\/46\/revisions"}],"predecessor-version":[{"id":280,"href":"https:\/\/for-easy-living.at\/index.php?rest_route=\/wp\/v2\/pages\/46\/revisions\/280"}],"wp:attachment":[{"href":"https:\/\/for-easy-living.at\/index.php?rest_route=%2Fwp%2Fv2%2Fmedia&parent=46"}],"curies":[{"name":"wp","href":"https:\/\/api.w.org\/{rel}","templated":true}]}}