{"id":48,"date":"2025-05-11T13:17:03","date_gmt":"2025-05-11T13:17:03","guid":{"rendered":"https:\/\/for-easy-living.at\/?page_id=48"},"modified":"2025-06-07T09:25:38","modified_gmt":"2025-06-07T09:25:38","slug":"skinsecrets-schoenheit-auf-zellebene","status":"publish","type":"page","link":"https:\/\/for-easy-living.at\/?page_id=48","title":{"rendered":"Skinsecrets &#8211; Sch\u00f6nheit auf Zellebene"},"content":{"rendered":"\n<div class=\"wp-block-columns is-layout-flex wp-container-core-columns-is-layout-9d6595d7 wp-block-columns-is-layout-flex\">\n<div class=\"wp-block-column is-layout-flow wp-block-column-is-layout-flow\" style=\"flex-basis:33.33%\">\n<figure class=\"wp-block-image size-large\"><img loading=\"lazy\" decoding=\"async\" width=\"1111\" height=\"833\" src=\"https:\/\/for-easy-living.at\/wp-content\/uploads\/2025\/05\/8bfbcf8b-0cf1-4718-aa0a-76c06de6a76d-1-edited.jpg\" alt=\"\" class=\"wp-image-134\" srcset=\"https:\/\/for-easy-living.at\/wp-content\/uploads\/2025\/05\/8bfbcf8b-0cf1-4718-aa0a-76c06de6a76d-1-edited.jpg 1111w, https:\/\/for-easy-living.at\/wp-content\/uploads\/2025\/05\/8bfbcf8b-0cf1-4718-aa0a-76c06de6a76d-1-edited-300x225.jpg 300w, https:\/\/for-easy-living.at\/wp-content\/uploads\/2025\/05\/8bfbcf8b-0cf1-4718-aa0a-76c06de6a76d-1-edited-1024x768.jpg 1024w, https:\/\/for-easy-living.at\/wp-content\/uploads\/2025\/05\/8bfbcf8b-0cf1-4718-aa0a-76c06de6a76d-1-edited-768x576.jpg 768w\" sizes=\"auto, (max-width: 1111px) 100vw, 1111px\" \/><\/figure>\n<\/div>\n\n\n\n<div class=\"wp-block-column is-layout-flow wp-block-column-is-layout-flow\" style=\"flex-basis:66.66%\">\n<h2 class=\"wp-block-heading\">Sch\u00f6nheit auf Zellebene<\/h2>\n\n\n\n<p>Im Jahr 2018 haben &#8222;lebendige&#8220; Lebensmittel die Welt von Marion Lorenz ver\u00e4ndert und ihre Begeisterung f\u00fcr die kleinsten Bausteine unseres Wunderwerks K\u00f6rper entweckt &#8211; die Zellen.<\/p>\n\n\n\n<p>Die Trinit\u00e4t K\u00f6rper-Lebensmittel, Geist-Lifestyle, Seele-Autonomie sind die Meilensteine f\u00fcr ein strahlendes Sein.<\/p>\n\n\n\n<p>Erlebe die Welt von Sprossen, Mikrogr\u00fcn und Gr\u00e4sern und erfahre mit einfachen gef\u00fchrten \u00dcbungen die Energie deiner Zellen. Embrace yourself.<\/p>\n<\/div>\n<\/div>\n\n\n\n<p>Termine:<\/p>\n\n\n\n<ul class=\"wp-block-list\">\n<li>auf Anfrage<\/li>\n<\/ul>\n\n\n\n<div class=\"wp-block-buttons is-content-justification-center is-layout-flex wp-container-core-buttons-is-layout-16018d1d wp-block-buttons-is-layout-flex\">\n<div class=\"wp-block-button is-style-outline is-style-outline--1\"><a class=\"wp-block-button__link wp-element-button\" href=\"https:\/\/for-easy-living.at\/?page_id=34\">Anmeldung<\/a><\/div>\n<\/div>\n\n\n\n<p><\/p>\n","protected":false},"excerpt":{"rendered":"<p>Sch\u00f6nheit auf Zellebene Im Jahr 2018 haben &#8222;lebendige&#8220; Lebensmittel die Welt von Marion Lorenz ver\u00e4ndert und ihre Begeisterung f\u00fcr die kleinsten Bausteine unseres Wunderwerks K\u00f6rper entweckt &#8211; die Zellen. Die Trinit\u00e4t K\u00f6rper-Lebensmittel, Geist-Lifestyle, Seele-Autonomie sind die Meilensteine f\u00fcr ein strahlendes Sein. Erlebe die Welt von Sprossen, Mikrogr\u00fcn und Gr\u00e4sern und erfahre mit einfachen gef\u00fchrten \u00dcbungen&#8230;<\/p>\n","protected":false},"author":1,"featured_media":0,"parent":0,"menu_order":0,"comment_status":"closed","ping_status":"closed","template":"","meta":{"_kad_post_transparent":"","_kad_post_title":"","_kad_post_layout":"","_kad_post_sidebar_id":"","_kad_post_content_style":"","_kad_post_vertical_padding":"","_kad_post_feature":"","_kad_post_feature_position":"","_kad_post_header":false,"_kad_post_footer":false,"footnotes":""},"class_list":["post-48","page","type-page","status-publish","hentry"],"_links":{"self":[{"href":"https:\/\/for-easy-living.at\/index.php?rest_route=\/wp\/v2\/pages\/48","targetHints":{"allow":["GET"]}}],"collection":[{"href":"https:\/\/for-easy-living.at\/index.php?rest_route=\/wp\/v2\/pages"}],"about":[{"href":"https:\/\/for-easy-living.at\/index.php?rest_route=\/wp\/v2\/types\/page"}],"author":[{"embeddable":true,"href":"https:\/\/for-easy-living.at\/index.php?rest_route=\/wp\/v2\/users\/1"}],"replies":[{"embeddable":true,"href":"https:\/\/for-easy-living.at\/index.php?rest_route=%2Fwp%2Fv2%2Fcomments&post=48"}],"version-history":[{"count":6,"href":"https:\/\/for-easy-living.at\/index.php?rest_route=\/wp\/v2\/pages\/48\/revisions"}],"predecessor-version":[{"id":281,"href":"https:\/\/for-easy-living.at\/index.php?rest_route=\/wp\/v2\/pages\/48\/revisions\/281"}],"wp:attachment":[{"href":"https:\/\/for-easy-living.at\/index.php?rest_route=%2Fwp%2Fv2%2Fmedia&parent=48"}],"curies":[{"name":"wp","href":"https:\/\/api.w.org\/{rel}","templated":true}]}}