{"id":62,"date":"2025-05-11T15:47:21","date_gmt":"2025-05-11T15:47:21","guid":{"rendered":"https:\/\/for-easy-living.at\/?page_id=62"},"modified":"2025-05-11T17:07:05","modified_gmt":"2025-05-11T17:07:05","slug":"datenschutz","status":"publish","type":"page","link":"https:\/\/for-easy-living.at\/?page_id=62","title":{"rendered":"Datenschutz"},"content":{"rendered":"\n<h2 class=\"wp-block-heading\" id=\"h.pk9bbdswontf_l\"><strong>Datenschutzerkl\u00e4rung<\/strong><\/h2>\n\n\n\n<p>Der Schutz Ihrer pers\u00f6nlichen Daten ist uns ein besonderes Anliegen. Wir verarbeiten Ihre Daten daher ausschlie\u00dflich auf Grundlage der gesetzlichen Bestimmungen (DSGVO, TKG 2003). In diesen Datenschutzinformationen informieren wir Sie \u00fcber die wichtigsten Aspekte der Datenverarbeitung im Rahmen unserer Website.<\/p>\n\n\n\n<h3 class=\"wp-block-heading\" id=\"h.id58juoizl3b_l\"><strong>Kontakt mit uns<\/strong><\/h3>\n\n\n\n<p>Wenn Sie per E-Mail Kontakt mit uns aufnehmen, werden Ihre angegebenen Daten zwecks Bearbeitung der Anfrage gespeichert und nach abschlie\u00dfender Beantwortung gel\u00f6scht, sofern keine gesetzlichen Aufbewahrungspflichten entgegenstehen (z. B. eine etwaige anschlie\u00dfende Vertragsabwicklung). Diese Daten geben wir nicht ohne Ihre Einwilligung weiter.<\/p>\n\n\n\n<h2 class=\"wp-block-heading\" id=\"h.qs94go65k2rt_l\"><strong>Serverdaten &amp; Serverlogfiles<\/strong><\/h2>\n\n\n\n<p>Aus technischen Gr\u00fcnden sowie zur Gew\u00e4hrleistung eines sicheren und stabilen Internetauftritts erhebt der Seitenprovider (cix.eu) Daten \u00fcber Zugriffe auf die Seite und speichert diese als \u201eServer-Logfiles\u201c ab. Diese Server-Logfiles erfassen u. a. Typ und Version ihres Internetbrowsers, das Betriebssystem, die Website, von der aus Sie auf unseren Internetauftritt gewechselt haben, die Webseite unseres Interauftritts, die sie besuchen, Datum und Uhrzeit des jeweiligen Zugriffs sowie die IP-Adresse des Internetanschlusses, von dem aus die Nutzung unseres Internetauftritts erfolgt. Diese Speicherung erfolgt auf der Rechtsgrundlage von Art. 6 Abs. 1 lit. f) DSGVO. Unser berechtigtes Interesse liegt in der Verbesserung, Stabilit\u00e4t, Funktionalit\u00e4t und Sicherheit unseres Internetauftritts. Diese Logdateien werden max. 7 Tage lang gespeichert und anschlie\u00dfend gel\u00f6scht, soweit keine weitere Aufbewahrung zu Beweiszwecken erforderlich ist. Andernfalls sind die Daten bis zur endg\u00fcltigen Kl\u00e4rung eines Vorfalls ganz oder teilweise von der L\u00f6schung ausgenommen.<\/p>\n\n\n\n<h3 class=\"wp-block-heading\" id=\"h.8dnhpws0voos_l\">Cookies<\/h3>\n\n\n\n<p>Wir m\u00f6chten unsere Dienste auch in Zukunft so individuell wie m\u00f6glich gestalten und stetig verbessern, um Ihnen f\u00fcr Sie interessante Informationen und ein attraktive Webseite bieten zu k\u00f6nnen. Deshalb setzen wir Cookies ein. Bei Cookies handelt es sich um kleine Textdateien, die auf Ihrer Festplatte dem von Ihnen verwendeten Internetbrowser zugeordnet gespeichert werden und durch welche uns bestimmte Informationen zuflie\u00dfen. Ein solcher Cookie enth\u00e4lt eine charakteristische Zeichenfolge, die eine eindeutige Identifizierung des Internetbrowsers beim erneuten Aufrufen der Webseite erm\u00f6glicht. Cookies k\u00f6nnen keine Programme ausf\u00fchren oder Viren auf Ihren Computer \u00fcbertragen. Wir setzen Cookies ein, um unsere Webseite nutzerfreundlicher zu gestalten. Bitte beachten Sie aber, dass bestimmte Cookies erforderlich sind, um alle Funktionalit\u00e4ten unserer Webseite zu nutzen.<\/p>\n\n\n\n<p>Rechtsgrundlagen f\u00fcr die Verarbeitung von personenbezogenen Daten in diesem Zusammenhang sind Art. 6 Abs. 1 lit. c DS-GVO und Art. 6 Abs. 1 lit. f DS-GVO. Unser berechtigtes Interesse ist die Verwaltung der eingesetzten Cookies und \u00e4hnlichen Technologien und der diesbez\u00fcglichen Einwilligungen.<\/p>\n\n\n\n<p>Die Bereitstellung der personenbezogenen Daten ist weder vertraglich vorgeschrieben noch f\u00fcr den Abschluss eines Vertrages notwendig. Du bist nicht verpflichtet die personenbezogenen Daten bereitzustellen. Wenn du die personenbezogenen Daten nicht bereitstellst, k\u00f6nnen wir deine Einwilligungen nicht verwalten.<\/p>\n\n\n\n<h3 class=\"wp-block-heading\" id=\"h.j0slcermyq1y_l\"><strong>Ihre Rechte<\/strong><\/h3>\n\n\n\n<p>Ihnen stehen grunds\u00e4tzlich die Rechte auf Auskunft, Berichtigung, L\u00f6schung, Einschr\u00e4nkung, Daten\u00fcbertragbarkeit, Widerruf und Widerspruch zu. Wenn Sie glauben, dass die Verarbeitung Ihrer Daten gegen das Datenschutzrecht verst\u00f6\u00dft oder Ihre datenschutzrechtlichen Anspr\u00fcche sonst in einer Weise verletzt worden sind, k\u00f6nnen Sie sich bei der Aufsichtsbeh\u00f6rde beschweren. In \u00d6sterreich ist dies die Datenschutzbeh\u00f6rde.<\/p>\n\n\n\n<h3 class=\"wp-block-heading\" id=\"h.y8uso7l174qi_l\">Online Streitbeilegung<\/h3>\n\n\n\n<p>Verbraucher haben die M\u00f6glichkeit, Beschwerden an die Online Streitbeilegungsplattform der EU zu richten:&nbsp;<a href=\"https:\/\/ec.europa.eu\/odr\" target=\"_blank\" rel=\"noreferrer noopener\">https:\/\/ec.europa.eu\/odr<\/a>. Sie k\u00f6nnen allf\u00e4llige Beschwerde auch an die oben angegebene E-Mail-Adresse richten.<\/p>\n\n\n\n<h3 class=\"wp-block-heading\" id=\"h.38vd5fp85yz0_l\"><strong>Sie erreichen uns unter folgenden Kontaktdaten<\/strong><\/h3>\n\n\n\n<p>Postadressen:&nbsp;Kaltenleutgebnerstra\u00dfe 13A, Top 20, 1230 Wien&nbsp;und&nbsp;Rochusgasse 8, Top 1, 1030 Wien<\/p>\n\n\n\n<p>E-Mail:&nbsp;office@for-easy-living.at<\/p>\n\n\n\n<p>Telefon:&nbsp;0664 88504299<\/p>\n","protected":false},"excerpt":{"rendered":"<p>Datenschutzerkl\u00e4rung Der Schutz Ihrer pers\u00f6nlichen Daten ist uns ein besonderes Anliegen. Wir verarbeiten Ihre Daten daher ausschlie\u00dflich auf Grundlage der gesetzlichen Bestimmungen (DSGVO, TKG 2003). In diesen Datenschutzinformationen informieren wir Sie \u00fcber die wichtigsten Aspekte der Datenverarbeitung im Rahmen unserer Website. Kontakt mit uns Wenn Sie per E-Mail Kontakt mit uns aufnehmen, werden Ihre angegebenen&#8230;<\/p>\n","protected":false},"author":1,"featured_media":0,"parent":0,"menu_order":0,"comment_status":"closed","ping_status":"closed","template":"","meta":{"_kad_post_transparent":"","_kad_post_title":"","_kad_post_layout":"","_kad_post_sidebar_id":"","_kad_post_content_style":"","_kad_post_vertical_padding":"","_kad_post_feature":"","_kad_post_feature_position":"","_kad_post_header":false,"_kad_post_footer":false,"footnotes":""},"class_list":["post-62","page","type-page","status-publish","hentry"],"_links":{"self":[{"href":"https:\/\/for-easy-living.at\/index.php?rest_route=\/wp\/v2\/pages\/62","targetHints":{"allow":["GET"]}}],"collection":[{"href":"https:\/\/for-easy-living.at\/index.php?rest_route=\/wp\/v2\/pages"}],"about":[{"href":"https:\/\/for-easy-living.at\/index.php?rest_route=\/wp\/v2\/types\/page"}],"author":[{"embeddable":true,"href":"https:\/\/for-easy-living.at\/index.php?rest_route=\/wp\/v2\/users\/1"}],"replies":[{"embeddable":true,"href":"https:\/\/for-easy-living.at\/index.php?rest_route=%2Fwp%2Fv2%2Fcomments&post=62"}],"version-history":[{"count":2,"href":"https:\/\/for-easy-living.at\/index.php?rest_route=\/wp\/v2\/pages\/62\/revisions"}],"predecessor-version":[{"id":139,"href":"https:\/\/for-easy-living.at\/index.php?rest_route=\/wp\/v2\/pages\/62\/revisions\/139"}],"wp:attachment":[{"href":"https:\/\/for-easy-living.at\/index.php?rest_route=%2Fwp%2Fv2%2Fmedia&parent=62"}],"curies":[{"name":"wp","href":"https:\/\/api.w.org\/{rel}","templated":true}]}}