{"id":64,"date":"2025-05-11T15:47:44","date_gmt":"2025-05-11T15:47:44","guid":{"rendered":"https:\/\/for-easy-living.at\/?page_id=64"},"modified":"2025-06-07T08:12:25","modified_gmt":"2025-06-07T08:12:25","slug":"impressum","status":"publish","type":"page","link":"https:\/\/for-easy-living.at\/?page_id=64","title":{"rendered":"Impressum"},"content":{"rendered":"\n<p>&nbsp;Impressum<\/p>\n\n\n\n<p>Mag. Ulrike Lauda-Kasperowski<br>Kaltenleutgebnerstra\u00dfe 13A, Top 20<br>1230 Wien<br>\u00d6sterreich<\/p>\n\n\n\n<p>Unternehmensgegenstand: Massage und Raumenergetik (Feng Shui)<\/p>\n\n\n\n<p>Kontakt<\/p>\n\n\n\n<p>Telefon: 0664 88504299<br>E-Mail:&nbsp;office@for-easy-living.at<\/p>\n\n\n\n<p>Mitglied der WK\u00d6\u00a0sowie der Fachgruppen Pers\u00f6nliche Dienstleister und LI Fu\u00dfpfleger, Kosmetiker und Masseure: www.ris.bka.gv.at<\/p>\n\n\n\n<p>Haftungshinweis<\/p>\n\n\n\n<p>Alle Texte und sonstigen Inhalte (bildliche und graphische Darstellungen und Gestaltungen) dienen ausschlie\u00dflich der allgemeinen Information. Jede Haftung f\u00fcr die Richtigkeit, Vollst\u00e4ndigkeit und Aktualit\u00e4t ist ausgeschlossen. Mag. Ulrike Lauda-Kasperowski<strong>&nbsp;<\/strong>als Betreiber dieser Website \u00fcbernimmt keine wie auch immer geartete Haftung oder Verantwortung f\u00fcr die Inhalte der durch Links zug\u00e4nglich gemachten fremden Websites. Ebenso weisen wir darauf hin, dass wir uns Inhalte, auf welche diese Webseite verlinkt ist, in keinster Weise zu eigen machen.<\/p>\n\n\n\n<p>Online Streitbeilegung<\/p>\n\n\n\n<p>Verbraucher haben die M\u00f6glichkeit, Beschwerden an die Online Streitbeilegungsplattform der EU zu richten: https:\/\/ec.europa.eu\/odr. Sie k\u00f6nnen allf\u00e4llige Beschwerde auch an die oben angegebene E-Mail-Adresse richten.<\/p>\n","protected":false},"excerpt":{"rendered":"<p>&nbsp;Impressum Mag. Ulrike Lauda-KasperowskiKaltenleutgebnerstra\u00dfe 13A, Top 201230 Wien\u00d6sterreich Unternehmensgegenstand: Massage und Raumenergetik (Feng Shui) Kontakt Telefon: 0664 88504299E-Mail:&nbsp;office@for-easy-living.at Mitglied der WK\u00d6\u00a0sowie der Fachgruppen Pers\u00f6nliche Dienstleister und LI Fu\u00dfpfleger, Kosmetiker und Masseure: www.ris.bka.gv.at Haftungshinweis Alle Texte und sonstigen Inhalte (bildliche und graphische Darstellungen und Gestaltungen) dienen ausschlie\u00dflich der allgemeinen Information. Jede Haftung f\u00fcr die Richtigkeit, Vollst\u00e4ndigkeit&#8230;<\/p>\n","protected":false},"author":1,"featured_media":0,"parent":0,"menu_order":0,"comment_status":"closed","ping_status":"closed","template":"","meta":{"_kad_post_transparent":"","_kad_post_title":"","_kad_post_layout":"","_kad_post_sidebar_id":"","_kad_post_content_style":"","_kad_post_vertical_padding":"","_kad_post_feature":"","_kad_post_feature_position":"","_kad_post_header":false,"_kad_post_footer":false,"footnotes":""},"class_list":["post-64","page","type-page","status-publish","hentry"],"_links":{"self":[{"href":"https:\/\/for-easy-living.at\/index.php?rest_route=\/wp\/v2\/pages\/64","targetHints":{"allow":["GET"]}}],"collection":[{"href":"https:\/\/for-easy-living.at\/index.php?rest_route=\/wp\/v2\/pages"}],"about":[{"href":"https:\/\/for-easy-living.at\/index.php?rest_route=\/wp\/v2\/types\/page"}],"author":[{"embeddable":true,"href":"https:\/\/for-easy-living.at\/index.php?rest_route=\/wp\/v2\/users\/1"}],"replies":[{"embeddable":true,"href":"https:\/\/for-easy-living.at\/index.php?rest_route=%2Fwp%2Fv2%2Fcomments&post=64"}],"version-history":[{"count":10,"href":"https:\/\/for-easy-living.at\/index.php?rest_route=\/wp\/v2\/pages\/64\/revisions"}],"predecessor-version":[{"id":228,"href":"https:\/\/for-easy-living.at\/index.php?rest_route=\/wp\/v2\/pages\/64\/revisions\/228"}],"wp:attachment":[{"href":"https:\/\/for-easy-living.at\/index.php?rest_route=%2Fwp%2Fv2%2Fmedia&parent=64"}],"curies":[{"name":"wp","href":"https:\/\/api.w.org\/{rel}","templated":true}]}}